{"id":1306,"date":"2024-11-11T09:58:21","date_gmt":"2024-11-11T09:58:21","guid":{"rendered":"https:\/\/innocsa.eu\/politica-sulla-privacy"},"modified":"2024-11-12T09:57:19","modified_gmt":"2024-11-12T09:57:19","slug":"politica-sulla-privacy","status":"publish","type":"page","link":"https:\/\/innocsa.eu\/it\/politica-sulla-privacy","title":{"rendered":"Politica sulla privacy"},"content":{"rendered":"\t\t<div data-elementor-type=\"wp-page\" data-elementor-id=\"1306\" class=\"elementor elementor-1306 elementor-1247\" data-elementor-post-type=\"page\">\n\t\t\t\t<div class=\"elementor-element elementor-element-3c1bbf6 e-con-full e-flex e-con e-parent\" data-id=\"3c1bbf6\" data-element_type=\"container\" data-e-type=\"container\" data-settings=\"{&quot;background_background&quot;:&quot;classic&quot;}\">\n\t\t<div class=\"elementor-element elementor-element-4f06a6c e-con-full e-flex e-con e-child\" data-id=\"4f06a6c\" data-element_type=\"container\" data-e-type=\"container\">\n\t\t\t\t<div class=\"elementor-element elementor-element-e408c9e elementor-widget elementor-widget-spacer\" data-id=\"e408c9e\" data-element_type=\"widget\" data-e-type=\"widget\" data-widget_type=\"spacer.default\">\n\t\t\t\t<div class=\"elementor-widget-container\">\n\t\t\t\t\t\t\t<div class=\"elementor-spacer\">\n\t\t\t<div class=\"elementor-spacer-inner\"><\/div>\n\t\t<\/div>\n\t\t\t\t\t\t<\/div>\n\t\t\t\t<\/div>\n\t\t\t\t<div class=\"elementor-element elementor-element-bb6405d elementor-widget elementor-widget-heading\" data-id=\"bb6405d\" data-element_type=\"widget\" data-e-type=\"widget\" data-widget_type=\"heading.default\">\n\t\t\t\t<div class=\"elementor-widget-container\">\n\t\t\t\t\t<h3 class=\"elementor-heading-title elementor-size-default\">Politica sulla privacy<\/h3>\t\t\t\t<\/div>\n\t\t\t\t<\/div>\n\t\t\t\t<div class=\"elementor-element elementor-element-4325e9e elementor-widget elementor-widget-menu-anchor\" data-id=\"4325e9e\" data-element_type=\"widget\" data-e-type=\"widget\" data-widget_type=\"menu-anchor.default\">\n\t\t\t\t<div class=\"elementor-widget-container\">\n\t\t\t\t\t\t\t<div class=\"elementor-menu-anchor\" id=\"about\"><\/div>\n\t\t\t\t\t\t<\/div>\n\t\t\t\t<\/div>\n\t\t\t\t<\/div>\n\t\t<div class=\"elementor-element elementor-element-21a59b0 e-con-full e-flex e-con e-child\" data-id=\"21a59b0\" data-element_type=\"container\" data-e-type=\"container\" data-settings=\"{&quot;background_background&quot;:&quot;classic&quot;}\">\n\t\t\t\t<div class=\"elementor-element elementor-element-8cbbc8b elementor-widget elementor-widget-spacer\" data-id=\"8cbbc8b\" data-element_type=\"widget\" data-e-type=\"widget\" data-widget_type=\"spacer.default\">\n\t\t\t\t<div class=\"elementor-widget-container\">\n\t\t\t\t\t\t\t<div class=\"elementor-spacer\">\n\t\t\t<div class=\"elementor-spacer-inner\"><\/div>\n\t\t<\/div>\n\t\t\t\t\t\t<\/div>\n\t\t\t\t<\/div>\n\t\t\t\t<\/div>\n\t\t\t\t<\/div>\n\t\t<div class=\"elementor-element elementor-element-ffa22b2 e-flex e-con-boxed e-con e-parent\" data-id=\"ffa22b2\" data-element_type=\"container\" data-e-type=\"container\">\n\t\t\t\t\t<div class=\"e-con-inner\">\n\t\t\t\t<div class=\"elementor-element elementor-element-f9c6bc6 elementor-widget-mobile__width-inherit elementor-widget elementor-widget-text-editor\" data-id=\"f9c6bc6\" data-element_type=\"widget\" data-e-type=\"widget\" data-widget_type=\"text-editor.default\">\n\t\t\t\t<div class=\"elementor-widget-container\">\n\t\t\t\t\t\t\t\t\t<p>In <strong>InnoCSA<\/strong> prendiamo molto sul serio la protezione dei dati personali. Il nostro scopo \u00e8 proteggere la riservatezza dei dati che ci fornisci e rispettare le normative vigenti in materia di protezione dei dati personali. <\/p>\n\t\t\t\t\t\t\t\t<\/div>\n\t\t\t\t<\/div>\n\t\t\t\t<div class=\"elementor-element elementor-element-df30510 elementor-widget-mobile__width-inherit elementor-widget elementor-widget-text-editor\" data-id=\"df30510\" data-element_type=\"widget\" data-e-type=\"widget\" data-widget_type=\"text-editor.default\">\n\t\t\t\t<div class=\"elementor-widget-container\">\n\t\t\t\t\t\t\t\t\t<p>In conformit\u00e0 con la legge 3\/2018 del 5 dicembre sulla protezione dei dati personali e sulla garanzia dei diritti digitali che recepisce il regolamento (UE) 2016\/679, ti informiamo delle seguenti informazioni sulla nostra politica sulla privacy e sulla protezione dei dati:<\/p>\n\t\t\t\t\t\t\t\t<\/div>\n\t\t\t\t<\/div>\n\t\t\t\t<div class=\"elementor-element elementor-element-51fcbcc elementor-widget elementor-widget-heading\" data-id=\"51fcbcc\" data-element_type=\"widget\" data-e-type=\"widget\" data-widget_type=\"heading.default\">\n\t\t\t\t<div class=\"elementor-widget-container\">\n\t\t\t\t\t<h2 class=\"elementor-heading-title elementor-size-default\">Chi \u00e8 il titolare del trattamento dei tuoi dati?<\/h2>\t\t\t\t<\/div>\n\t\t\t\t<\/div>\n\t\t\t\t<div class=\"elementor-element elementor-element-cf70130 elementor-widget-mobile__width-inherit elementor-widget elementor-widget-text-editor\" data-id=\"cf70130\" data-element_type=\"widget\" data-e-type=\"widget\" data-widget_type=\"text-editor.default\">\n\t\t\t\t<div class=\"elementor-widget-container\">\n\t\t\t\t\t\t\t\t\t<p>L\u2019organizzazione responsabile dei tuoi dati \u00e8 Institut f\u00fcr L\u00e4ndliche Strukturforschung e.V. \u00c8 un\u2019associazione senza scopo di lucro con sede a Francoforte, in Germania.<\/p>\n\t\t\t\t\t\t\t\t<\/div>\n\t\t\t\t<\/div>\n\t\t\t\t<div class=\"elementor-element elementor-element-f3dc370 tabla eael-table-align-center eael-dt-th-align-left elementor-widget elementor-widget-eael-data-table\" data-id=\"f3dc370\" data-element_type=\"widget\" data-e-type=\"widget\" data-widget_type=\"eael-data-table.default\">\n\t\t\t\t<div class=\"elementor-widget-container\">\n\t\t\t\t\t\t\t<div class=\"eael-data-table-wrap\" data-table_id=\"f3dc370\" id=\"eael-data-table-wrapper-f3dc370\" data-custom_responsive=\"false\">\n\t\t\t<table class=\"tablesorter eael-data-table center\" id=\"eael-data-table-f3dc370\">\n\t\t\t    <thead>\n\t\t\t        <tr class=\"table-header\">\n\t\t\t\t\t\t\t\t\t            <th class=\"\" id=\"primero\" colspan=\"\">\n\t\t\t\t\t\t\t\t\t\t\t\t\t\t<span class=\"data-table-header-text\">Indirizzo<\/span><\/th>\n\t\t\t        \t\t\t\t            <th class=\"\" id=\"\" colspan=\"\">\n\t\t\t\t\t\t\t\t\t\t\t\t\t\t<span class=\"data-table-header-text\">Kurfuerstenstra\u00dfe 49, 60486 Francoforte sul Meno, Germania<\/span><\/th>\n\t\t\t        \t\t\t\t        <\/tr>\n\t\t\t    <\/thead>\n\t\t\t  \t<tbody>\n\t\t\t\t\t\t\t\t\t\t\t<tr>\n\t\t\t\t\t\t\t\t\t\t\t\t\t\t\t\t   \t\t\t\t\t\t\t\t\t\t\t<td colspan=\"\" rowspan=\"\" class=\"\" id=\"\">\n\t\t\t\t\t\t\t\t\t\t\t\t<div class=\"td-content-wrapper\"><div class=\"td-content\">\n\t\t\t\t\t\t\t\t\t\t\t\t\tTelefono\t\t\t\t\t\t\t\t\t\t\t\t<\/div><\/div>\n\t\t\t\t\t\t\t\t\t\t\t<\/td>\n\t\t\t\t\t\t\t\t\t\t\t\t\t\t\t\t\t\t\t\t\t\t\t\t\t\t\t\t\t   \t\t\t\t\t\t\t\t\t\t\t<td colspan=\"\" rowspan=\"\" class=\"\" id=\"\">\n\t\t\t\t\t\t\t\t\t\t\t\t<div class=\"td-content-wrapper\"><div class=\"td-content\">\n\t\t\t\t\t\t\t\t\t\t\t\t\t+49 (0)69 \/ 9726 683-10\t\t\t\t\t\t\t\t\t\t\t\t<\/div><\/div>\n\t\t\t\t\t\t\t\t\t\t\t<\/td>\n\t\t\t\t\t\t\t\t\t\t\t\t\t\t\t\t\t\t\t\t\t\t\t\t\t\t<\/tr>\n\t\t\t        \t\t\t\t\t\t<tr>\n\t\t\t\t\t\t\t\t\t\t\t\t\t\t\t\t   \t\t\t\t\t\t\t\t\t\t\t<td colspan=\"\" rowspan=\"\" class=\"\" id=\"\">\n\t\t\t\t\t\t\t\t\t\t\t\t<div class=\"td-content-wrapper\"><div class=\"td-content\">\n\t\t\t\t\t\t\t\t\t\t\t\t\tContatto e-mail\n\t\t\t\t\t\t\t\t\t\t\t\t<\/div><\/div>\n\t\t\t\t\t\t\t\t\t\t\t<\/td>\n\t\t\t\t\t\t\t\t\t\t\t\t\t\t\t\t\t\t\t\t\t\t\t\t\t\t\t\t\t   \t\t\t\t\t\t\t\t\t\t\t<td colspan=\"\" rowspan=\"\" class=\"\" id=\"\">\n\t\t\t\t\t\t\t\t\t\t\t\t<div class=\"td-content-wrapper\"><div class=\"td-content\">\n\t\t\t\t\t\t\t\t\t\t\t\t\toffice@ifls.de\t\t\t\t\t\t\t\t\t\t\t\t<\/div><\/div>\n\t\t\t\t\t\t\t\t\t\t\t<\/td>\n\t\t\t\t\t\t\t\t\t\t\t\t\t\t\t\t\t\t\t\t\t\t\t\t\t\t<\/tr>\n\t\t\t        \t\t\t    <\/tbody>\n\t\t\t<\/table>\n\t\t<\/div>\n\t  \t\t\t\t\t<\/div>\n\t\t\t\t<\/div>\n\t\t\t\t<div class=\"elementor-element elementor-element-621dbc7 elementor-widget elementor-widget-heading\" data-id=\"621dbc7\" data-element_type=\"widget\" data-e-type=\"widget\" data-widget_type=\"heading.default\">\n\t\t\t\t<div class=\"elementor-widget-container\">\n\t\t\t\t\t<h2 class=\"elementor-heading-title elementor-size-default\">Qual \u00e8 lo scopo del trattamento?<\/h2>\t\t\t\t<\/div>\n\t\t\t\t<\/div>\n\t\t\t\t<div class=\"elementor-element elementor-element-f90ef86 elementor-widget-mobile__width-inherit elementor-widget elementor-widget-text-editor\" data-id=\"f90ef86\" data-element_type=\"widget\" data-e-type=\"widget\" data-widget_type=\"text-editor.default\">\n\t\t\t\t<div class=\"elementor-widget-container\">\n\t\t\t\t\t\t\t\t\t<ul>\n<li><span data-sheets-root=\"1\">Per rispondere a richieste, reclami e incidenti trasferiti attraverso i nostri canali di contatto incorporati nel sito web.<\/span><\/li>\n<li><span data-sheets-root=\"1\">Comprendere il comportamento del navigatore all\u2019interno del web al fine di rilevare eventuali attacchi informatici al nostro web.<\/span><\/li>\n<li><span data-sheets-root=\"1\">Rispettare gli obblighi legali a noi direttamente applicabili e regolare la nostra attivit\u00e0.<\/span><\/li>\n<li><span data-sheets-root=\"1\">Per proteggere ed esercitare i nostri diritti o per rispondere a reclami di qualsiasi tipo.<\/span><\/li>\n<li><span data-sheets-root=\"1\">Invio di newsletter relative ai beni o servizi che compongono l\u2019attivit\u00e0 del responsabile o notizie relative alla sua attivit\u00e0.<\/span><\/li>\n<\/ul>\n\t\t\t\t\t\t\t\t<\/div>\n\t\t\t\t<\/div>\n\t\t\t\t<div class=\"elementor-element elementor-element-19d2baf elementor-widget elementor-widget-heading\" data-id=\"19d2baf\" data-element_type=\"widget\" data-e-type=\"widget\" data-widget_type=\"heading.default\">\n\t\t\t\t<div class=\"elementor-widget-container\">\n\t\t\t\t\t<h2 class=\"elementor-heading-title elementor-size-default\">Qual \u00e8 la base giuridica del trattamento?<\/h2>\t\t\t\t<\/div>\n\t\t\t\t<\/div>\n\t\t\t\t<div class=\"elementor-element elementor-element-58fc0bb elementor-widget-mobile__width-inherit elementor-widget elementor-widget-text-editor\" data-id=\"58fc0bb\" data-element_type=\"widget\" data-e-type=\"widget\" data-widget_type=\"text-editor.default\">\n\t\t\t\t<div class=\"elementor-widget-container\">\n\t\t\t\t\t\t\t\t\t<p>La base giuridica del trattamento dei Suoi dati \u00e8 il consenso dell\u2019interessato ai sensi dell\u2019articolo 6.1 a) del Regolamento, nonch\u00e9 il legittimo interesse del titolare del trattamento ai sensi dell\u2019articolo 6.1 f) del Regolamento.<\/p>\n\t\t\t\t\t\t\t\t<\/div>\n\t\t\t\t<\/div>\n\t\t\t\t<div class=\"elementor-element elementor-element-abda566 elementor-widget-mobile__width-inherit elementor-widget elementor-widget-text-editor\" data-id=\"abda566\" data-element_type=\"widget\" data-e-type=\"widget\" data-widget_type=\"text-editor.default\">\n\t\t\t\t<div class=\"elementor-widget-container\">\n\t\t\t\t\t\t\t\t\t<p>I dati che ti chiediamo sono adeguati, pertinenti e strettamente necessari e in nessun caso sei obbligato a fornirceli, ma la loro mancata comunicazione pu\u00f2 pregiudicare la finalit\u00e0 del servizio o l\u2019impossibilit\u00e0 di fornirlo.<\/p>\n\t\t\t\t\t\t\t\t<\/div>\n\t\t\t\t<\/div>\n\t\t\t\t<div class=\"elementor-element elementor-element-87e8638 elementor-widget elementor-widget-heading\" data-id=\"87e8638\" data-element_type=\"widget\" data-e-type=\"widget\" data-widget_type=\"heading.default\">\n\t\t\t\t<div class=\"elementor-widget-container\">\n\t\t\t\t\t<h2 class=\"elementor-heading-title elementor-size-default\">Per quanto tempo conserviamo i tuoi dati?<\/h2>\t\t\t\t<\/div>\n\t\t\t\t<\/div>\n\t\t\t\t<div class=\"elementor-element elementor-element-77ffeb5 elementor-widget-mobile__width-inherit elementor-widget elementor-widget-text-editor\" data-id=\"77ffeb5\" data-element_type=\"widget\" data-e-type=\"widget\" data-widget_type=\"text-editor.default\">\n\t\t\t\t<div class=\"elementor-widget-container\">\n\t\t\t\t\t\t\t\t\t<p>I tuoi dati saranno conservati per il tempo necessario alla corretta erogazione del servizio offerto, nonch\u00e9 per far fronte alle responsabilit\u00e0 che dallo stesso dovessero derivare ed ogni altro obbligo di legge.<\/p>\n\t\t\t\t\t\t\t\t<\/div>\n\t\t\t\t<\/div>\n\t\t\t\t<div class=\"elementor-element elementor-element-7cd3014 elementor-widget elementor-widget-heading\" data-id=\"7cd3014\" data-element_type=\"widget\" data-e-type=\"widget\" data-widget_type=\"heading.default\">\n\t\t\t\t<div class=\"elementor-widget-container\">\n\t\t\t\t\t<h2 class=\"elementor-heading-title elementor-size-default\">Quali destinatari riceveranno i tuoi dati?<\/h2>\t\t\t\t<\/div>\n\t\t\t\t<\/div>\n\t\t\t\t<div class=\"elementor-element elementor-element-e47e8ca elementor-widget-mobile__width-inherit elementor-widget elementor-widget-text-editor\" data-id=\"e47e8ca\" data-element_type=\"widget\" data-e-type=\"widget\" data-widget_type=\"text-editor.default\">\n\t\t\t\t<div class=\"elementor-widget-container\">\n\t\t\t\t\t\t\t\t\t<p><span data-sheets-root=\"1\">Nel corso del trattamento dei tuoi dati, Institut f\u00fcr L\u00e4ndliche Strukturforschung e.V. pu\u00f2 condividere i tuoi dati con:<\/span><\/p>\n\t\t\t\t\t\t\t\t<\/div>\n\t\t\t\t<\/div>\n\t\t\t\t<div class=\"elementor-element elementor-element-3c9e284 elementor-widget-mobile__width-inherit elementor-widget elementor-widget-text-editor\" data-id=\"3c9e284\" data-element_type=\"widget\" data-e-type=\"widget\" data-widget_type=\"text-editor.default\">\n\t\t\t\t<div class=\"elementor-widget-container\">\n\t\t\t\t\t\t\t\t\t<p>On Projects Advising SL, come fornitori di servizi di gestione e manutenzione web.<\/p>\n\t\t\t\t\t\t\t\t<\/div>\n\t\t\t\t<\/div>\n\t\t\t\t<div class=\"elementor-element elementor-element-a87f37e elementor-widget elementor-widget-heading\" data-id=\"a87f37e\" data-element_type=\"widget\" data-e-type=\"widget\" data-widget_type=\"heading.default\">\n\t\t\t\t<div class=\"elementor-widget-container\">\n\t\t\t\t\t<h2 class=\"elementor-heading-title elementor-size-default\">Quali sono i miei diritti?<\/h2>\t\t\t\t<\/div>\n\t\t\t\t<\/div>\n\t\t\t\t<div class=\"elementor-element elementor-element-149c857 elementor-widget-mobile__width-inherit elementor-widget elementor-widget-text-editor\" data-id=\"149c857\" data-element_type=\"widget\" data-e-type=\"widget\" data-widget_type=\"text-editor.default\">\n\t\t\t\t<div class=\"elementor-widget-container\">\n\t\t\t\t\t\t\t\t\t<ul>\n<li><span data-sheets-root=\"1\">Diritto di accesso: il diritto di ottenere conferma che sia o meno in corso un trattamento di dati personali, nonch\u00e9 il diritto di accesso a tali dati.<\/span><\/li>\n<li><span data-sheets-root=\"1\">Diritto alla rettifica dei dati personali.<\/span><\/li>\n<li><span data-sheets-root=\"1\">Diritto alla cancellazione<\/span><\/li>\n<li><span data-sheets-root=\"1\">Diritto alla limitazione del trattamento<\/span><\/li>\n<li><span data-sheets-root=\"1\">Diritto alla portabilit\u00e0 dei dati<\/span><\/li>\n<li><span data-sheets-root=\"1\">Diritto di opposizione: diritto di opposizione al trattamento dei dati.<\/span><\/li>\n<\/ul>\n\t\t\t\t\t\t\t\t<\/div>\n\t\t\t\t<\/div>\n\t\t\t\t<div class=\"elementor-element elementor-element-60a4a69 elementor-widget-mobile__width-inherit elementor-widget elementor-widget-text-editor\" data-id=\"60a4a69\" data-element_type=\"widget\" data-e-type=\"widget\" data-widget_type=\"text-editor.default\">\n\t\t\t\t<div class=\"elementor-widget-container\">\n\t\t\t\t\t\t\t\t\t<p>Il titolare del trattamento conserva il diritto di limitare i diritti di cui all\u2019articolo 23 del Regolamento UE, se tale restrizione \u00e8 prevista per tutelare, in particolare, i diritti e le libert\u00e0 fondamentali ed \u00e8 una misura necessaria e proporzionata.<\/p>\n\t\t\t\t\t\t\t\t<\/div>\n\t\t\t\t<\/div>\n\t\t\t\t<div class=\"elementor-element elementor-element-5880ad8 elementor-widget elementor-widget-heading\" data-id=\"5880ad8\" data-element_type=\"widget\" data-e-type=\"widget\" data-widget_type=\"heading.default\">\n\t\t\t\t<div class=\"elementor-widget-container\">\n\t\t\t\t\t<h2 class=\"elementor-heading-title elementor-size-default\">Dove posso fare un reclamo?<\/h2>\t\t\t\t<\/div>\n\t\t\t\t<\/div>\n\t\t\t\t<div class=\"elementor-element elementor-element-fb9e14e elementor-widget-mobile__width-inherit elementor-widget elementor-widget-text-editor\" data-id=\"fb9e14e\" data-element_type=\"widget\" data-e-type=\"widget\" data-widget_type=\"text-editor.default\">\n\t\t\t\t<div class=\"elementor-widget-container\">\n\t\t\t\t\t\t\t\t\t<p>Qualora l\u2019interessato ritenga che i propri dati non siano trattati correttamente, pu\u00f2 inviare i propri reclami al seguente indirizzo di posta elettronica; <a href=\"mailto:office@ifls.de\">office@ifls.de<\/a>.<\/p>\n\t\t\t\t\t\t\t\t<\/div>\n\t\t\t\t<\/div>\n\t\t\t\t<div class=\"elementor-element elementor-element-cec3919 elementor-widget-mobile__width-inherit elementor-widget elementor-widget-text-editor\" data-id=\"cec3919\" data-element_type=\"widget\" data-e-type=\"widget\" data-widget_type=\"text-editor.default\">\n\t\t\t\t<div class=\"elementor-widget-container\">\n\t\t\t\t\t\t\t\t\t<p><span data-sheets-root=\"1\">L\u2019interessato dichiara di aver acquisito tutte queste informazioni.<\/span><\/p>\n\t\t\t\t\t\t\t\t<\/div>\n\t\t\t\t<\/div>\n\t\t\t\t\t<\/div>\n\t\t\t\t<\/div>\n\t\t\t\t<\/div>\n\t\t","protected":false},"excerpt":{"rendered":"<p>Politica sulla privacy In InnoCSA prendiamo molto sul serio la protezione dei dati personali. Il nostro scopo \u00e8 proteggere la riservatezza dei dati che ci fornisci e rispettare le normative vigenti in materia di protezione dei dati personali. In conformit\u00e0 con la legge 3\/2018 del 5 dicembre sulla protezione dei dati personali e sulla garanzia [&hellip;]<\/p>\n","protected":false},"author":1,"featured_media":0,"parent":0,"menu_order":0,"comment_status":"closed","ping_status":"closed","template":"elementor_header_footer","meta":{"footnotes":""},"class_list":["post-1306","page","type-page","status-publish","hentry"],"_links":{"self":[{"href":"https:\/\/innocsa.eu\/it\/wp-json\/wp\/v2\/pages\/1306","targetHints":{"allow":["GET"]}}],"collection":[{"href":"https:\/\/innocsa.eu\/it\/wp-json\/wp\/v2\/pages"}],"about":[{"href":"https:\/\/innocsa.eu\/it\/wp-json\/wp\/v2\/types\/page"}],"author":[{"embeddable":true,"href":"https:\/\/innocsa.eu\/it\/wp-json\/wp\/v2\/users\/1"}],"replies":[{"embeddable":true,"href":"https:\/\/innocsa.eu\/it\/wp-json\/wp\/v2\/comments?post=1306"}],"version-history":[{"count":1,"href":"https:\/\/innocsa.eu\/it\/wp-json\/wp\/v2\/pages\/1306\/revisions"}],"predecessor-version":[{"id":1307,"href":"https:\/\/innocsa.eu\/it\/wp-json\/wp\/v2\/pages\/1306\/revisions\/1307"}],"wp:attachment":[{"href":"https:\/\/innocsa.eu\/it\/wp-json\/wp\/v2\/media?parent=1306"}],"curies":[{"name":"wp","href":"https:\/\/api.w.org\/{rel}","templated":true}]}}