{"id":1304,"date":"2024-11-11T09:58:21","date_gmt":"2024-11-11T09:58:21","guid":{"rendered":"https:\/\/innocsa.eu\/politica-de-privacidad"},"modified":"2024-11-12T09:55:07","modified_gmt":"2024-11-12T09:55:07","slug":"politica-de-privacidad","status":"publish","type":"page","link":"https:\/\/innocsa.eu\/es\/politica-de-privacidad","title":{"rendered":"Pol\u00edtica de Privacidad"},"content":{"rendered":"\t\t<div data-elementor-type=\"wp-page\" data-elementor-id=\"1304\" class=\"elementor elementor-1304 elementor-1247\" data-elementor-post-type=\"page\">\n\t\t\t\t<div class=\"elementor-element elementor-element-3c1bbf6 e-con-full e-flex e-con e-parent\" data-id=\"3c1bbf6\" data-element_type=\"container\" data-e-type=\"container\" data-settings=\"{&quot;background_background&quot;:&quot;classic&quot;}\">\n\t\t<div class=\"elementor-element elementor-element-4f06a6c e-con-full e-flex e-con e-child\" data-id=\"4f06a6c\" data-element_type=\"container\" data-e-type=\"container\">\n\t\t\t\t<div class=\"elementor-element elementor-element-e408c9e elementor-widget elementor-widget-spacer\" data-id=\"e408c9e\" data-element_type=\"widget\" data-e-type=\"widget\" data-widget_type=\"spacer.default\">\n\t\t\t\t<div class=\"elementor-widget-container\">\n\t\t\t\t\t\t\t<div class=\"elementor-spacer\">\n\t\t\t<div class=\"elementor-spacer-inner\"><\/div>\n\t\t<\/div>\n\t\t\t\t\t\t<\/div>\n\t\t\t\t<\/div>\n\t\t\t\t<div class=\"elementor-element elementor-element-bb6405d elementor-widget elementor-widget-heading\" data-id=\"bb6405d\" data-element_type=\"widget\" data-e-type=\"widget\" data-widget_type=\"heading.default\">\n\t\t\t\t<div class=\"elementor-widget-container\">\n\t\t\t\t\t<h3 class=\"elementor-heading-title elementor-size-default\">Pol\u00edtica de Privacidad<\/h3>\t\t\t\t<\/div>\n\t\t\t\t<\/div>\n\t\t\t\t<div class=\"elementor-element elementor-element-4325e9e elementor-widget elementor-widget-menu-anchor\" data-id=\"4325e9e\" data-element_type=\"widget\" data-e-type=\"widget\" data-widget_type=\"menu-anchor.default\">\n\t\t\t\t<div class=\"elementor-widget-container\">\n\t\t\t\t\t\t\t<div class=\"elementor-menu-anchor\" id=\"about\"><\/div>\n\t\t\t\t\t\t<\/div>\n\t\t\t\t<\/div>\n\t\t\t\t<\/div>\n\t\t<div class=\"elementor-element elementor-element-21a59b0 e-con-full e-flex e-con e-child\" data-id=\"21a59b0\" data-element_type=\"container\" data-e-type=\"container\" data-settings=\"{&quot;background_background&quot;:&quot;classic&quot;}\">\n\t\t\t\t<div class=\"elementor-element elementor-element-8cbbc8b elementor-widget elementor-widget-spacer\" data-id=\"8cbbc8b\" data-element_type=\"widget\" data-e-type=\"widget\" data-widget_type=\"spacer.default\">\n\t\t\t\t<div class=\"elementor-widget-container\">\n\t\t\t\t\t\t\t<div class=\"elementor-spacer\">\n\t\t\t<div class=\"elementor-spacer-inner\"><\/div>\n\t\t<\/div>\n\t\t\t\t\t\t<\/div>\n\t\t\t\t<\/div>\n\t\t\t\t<\/div>\n\t\t\t\t<\/div>\n\t\t<div class=\"elementor-element elementor-element-ffa22b2 e-flex e-con-boxed e-con e-parent\" data-id=\"ffa22b2\" data-element_type=\"container\" data-e-type=\"container\">\n\t\t\t\t\t<div class=\"e-con-inner\">\n\t\t\t\t<div class=\"elementor-element elementor-element-f9c6bc6 elementor-widget-mobile__width-inherit elementor-widget elementor-widget-text-editor\" data-id=\"f9c6bc6\" data-element_type=\"widget\" data-e-type=\"widget\" data-widget_type=\"text-editor.default\">\n\t\t\t\t<div class=\"elementor-widget-container\">\n\t\t\t\t\t\t\t\t\t<p>En <strong>InnoCSA<\/strong> nos tomamos muy en serio la protecci\u00f3n de sus datos personales. Nuestro prop\u00f3sito es proteger la privacidad de los datos que nos proporciona y cumplir con la normativa vigente en materia de protecci\u00f3n de datos personales. <\/p>\n\t\t\t\t\t\t\t\t<\/div>\n\t\t\t\t<\/div>\n\t\t\t\t<div class=\"elementor-element elementor-element-df30510 elementor-widget-mobile__width-inherit elementor-widget elementor-widget-text-editor\" data-id=\"df30510\" data-element_type=\"widget\" data-e-type=\"widget\" data-widget_type=\"text-editor.default\">\n\t\t\t\t<div class=\"elementor-widget-container\">\n\t\t\t\t\t\t\t\t\t<p>En cumplimiento de la Ley 3\/2018, de 5 de diciembre, de Protecci\u00f3n de Datos Personales y Garant\u00eda de los Derechos Digitales que transpone el Reglamento (UE) 2016\/679, le informamos de la siguiente informaci\u00f3n sobre nuestra pol\u00edtica de privacidad y protecci\u00f3n de datos:<\/p>\n\t\t\t\t\t\t\t\t<\/div>\n\t\t\t\t<\/div>\n\t\t\t\t<div class=\"elementor-element elementor-element-51fcbcc elementor-widget elementor-widget-heading\" data-id=\"51fcbcc\" data-element_type=\"widget\" data-e-type=\"widget\" data-widget_type=\"heading.default\">\n\t\t\t\t<div class=\"elementor-widget-container\">\n\t\t\t\t\t<h2 class=\"elementor-heading-title elementor-size-default\">\u00bfQui\u00e9n es el responsable del tratamiento de sus datos?<\/h2>\t\t\t\t<\/div>\n\t\t\t\t<\/div>\n\t\t\t\t<div class=\"elementor-element elementor-element-cf70130 elementor-widget-mobile__width-inherit elementor-widget elementor-widget-text-editor\" data-id=\"cf70130\" data-element_type=\"widget\" data-e-type=\"widget\" data-widget_type=\"text-editor.default\">\n\t\t\t\t<div class=\"elementor-widget-container\">\n\t\t\t\t\t\t\t\t\t<p>La organizaci\u00f3n responsable de sus datos es Institut f\u00fcr L\u00e4ndliche Strukturforschung e.V. Se trata de una asociaci\u00f3n sin \u00e1nimo de lucro con sede en Fr\u00e1ncfort (Alemania)<\/p>\n\t\t\t\t\t\t\t\t<\/div>\n\t\t\t\t<\/div>\n\t\t\t\t<div class=\"elementor-element elementor-element-f3dc370 tabla eael-table-align-center eael-dt-th-align-left elementor-widget elementor-widget-eael-data-table\" data-id=\"f3dc370\" data-element_type=\"widget\" data-e-type=\"widget\" data-widget_type=\"eael-data-table.default\">\n\t\t\t\t<div class=\"elementor-widget-container\">\n\t\t\t\t\t\t\t<div class=\"eael-data-table-wrap\" data-table_id=\"f3dc370\" id=\"eael-data-table-wrapper-f3dc370\" data-custom_responsive=\"false\">\n\t\t\t<table class=\"tablesorter eael-data-table center\" id=\"eael-data-table-f3dc370\">\n\t\t\t    <thead>\n\t\t\t        <tr class=\"table-header\">\n\t\t\t\t\t\t\t\t\t            <th class=\"\" id=\"primero\" colspan=\"\">\n\t\t\t\t\t\t\t\t\t\t\t\t\t\t<span class=\"data-table-header-text\">Direcci\u00f3n<\/span><\/th>\n\t\t\t        \t\t\t\t            <th class=\"\" id=\"\" colspan=\"\">\n\t\t\t\t\t\t\t\t\t\t\t\t\t\t<span class=\"data-table-header-text\">Kurfuerstenstra\u00dfe 49, 60486 Fr\u00e1ncfort del Meno, Alemania<\/span><\/th>\n\t\t\t        \t\t\t\t        <\/tr>\n\t\t\t    <\/thead>\n\t\t\t  \t<tbody>\n\t\t\t\t\t\t\t\t\t\t\t<tr>\n\t\t\t\t\t\t\t\t\t\t\t\t\t\t\t\t   \t\t\t\t\t\t\t\t\t\t\t<td colspan=\"\" rowspan=\"\" class=\"\" id=\"\">\n\t\t\t\t\t\t\t\t\t\t\t\t<div class=\"td-content-wrapper\"><div class=\"td-content\">\n\t\t\t\t\t\t\t\t\t\t\t\t\tTel\u00e9fono\t\t\t\t\t\t\t\t\t\t\t\t<\/div><\/div>\n\t\t\t\t\t\t\t\t\t\t\t<\/td>\n\t\t\t\t\t\t\t\t\t\t\t\t\t\t\t\t\t\t\t\t\t\t\t\t\t\t\t\t\t   \t\t\t\t\t\t\t\t\t\t\t<td colspan=\"\" rowspan=\"\" class=\"\" id=\"\">\n\t\t\t\t\t\t\t\t\t\t\t\t<div class=\"td-content-wrapper\"><div class=\"td-content\">\n\t\t\t\t\t\t\t\t\t\t\t\t\t+49 (0)69 \/ 9726 683-10\t\t\t\t\t\t\t\t\t\t\t\t<\/div><\/div>\n\t\t\t\t\t\t\t\t\t\t\t<\/td>\n\t\t\t\t\t\t\t\t\t\t\t\t\t\t\t\t\t\t\t\t\t\t\t\t\t\t<\/tr>\n\t\t\t        \t\t\t\t\t\t<tr>\n\t\t\t\t\t\t\t\t\t\t\t\t\t\t\t\t   \t\t\t\t\t\t\t\t\t\t\t<td colspan=\"\" rowspan=\"\" class=\"\" id=\"\">\n\t\t\t\t\t\t\t\t\t\t\t\t<div class=\"td-content-wrapper\"><div class=\"td-content\">\n\t\t\t\t\t\t\t\t\t\t\t\t\tCorreo electr\u00f3nico\n\t\t\t\t\t\t\t\t\t\t\t\t<\/div><\/div>\n\t\t\t\t\t\t\t\t\t\t\t<\/td>\n\t\t\t\t\t\t\t\t\t\t\t\t\t\t\t\t\t\t\t\t\t\t\t\t\t\t\t\t\t   \t\t\t\t\t\t\t\t\t\t\t<td colspan=\"\" rowspan=\"\" class=\"\" id=\"\">\n\t\t\t\t\t\t\t\t\t\t\t\t<div class=\"td-content-wrapper\"><div class=\"td-content\">\n\t\t\t\t\t\t\t\t\t\t\t\t\toffice@ifls.de\t\t\t\t\t\t\t\t\t\t\t\t<\/div><\/div>\n\t\t\t\t\t\t\t\t\t\t\t<\/td>\n\t\t\t\t\t\t\t\t\t\t\t\t\t\t\t\t\t\t\t\t\t\t\t\t\t\t<\/tr>\n\t\t\t        \t\t\t    <\/tbody>\n\t\t\t<\/table>\n\t\t<\/div>\n\t  \t\t\t\t\t<\/div>\n\t\t\t\t<\/div>\n\t\t\t\t<div class=\"elementor-element elementor-element-621dbc7 elementor-widget elementor-widget-heading\" data-id=\"621dbc7\" data-element_type=\"widget\" data-e-type=\"widget\" data-widget_type=\"heading.default\">\n\t\t\t\t<div class=\"elementor-widget-container\">\n\t\t\t\t\t<h2 class=\"elementor-heading-title elementor-size-default\">\u00bfCu\u00e1l es la finalidad del tratamiento?<\/h2>\t\t\t\t<\/div>\n\t\t\t\t<\/div>\n\t\t\t\t<div class=\"elementor-element elementor-element-f90ef86 elementor-widget-mobile__width-inherit elementor-widget elementor-widget-text-editor\" data-id=\"f90ef86\" data-element_type=\"widget\" data-e-type=\"widget\" data-widget_type=\"text-editor.default\">\n\t\t\t\t<div class=\"elementor-widget-container\">\n\t\t\t\t\t\t\t\t\t<ul>\n<li><span data-sheets-root=\"1\">Responder a las peticiones, quejas e incidencias trasladadas a trav\u00e9s de nuestros canales de contacto incorporados en la web.<\/span><\/li>\n<li><span data-sheets-root=\"1\">Conocer el comportamiento del navegante dentro de la web para detectar posibles ataques inform\u00e1ticos a nuestra web.<\/span><\/li>\n<li><span data-sheets-root=\"1\">Cumplir con las obligaciones legales que nos son directamente aplicables y que regulan nuestra actividad.<\/span><\/li>\n<li><span data-sheets-root=\"1\">Proteger y ejercer nuestros derechos o responder a reclamaciones de cualquier tipo.<\/span><\/li>\n<li><span data-sheets-root=\"1\">Env\u00edo de boletines informativos sobre los bienes o servicios que conforman la actividad del responsable o noticias relacionadas con su actividad.<\/span><\/li>\n<\/ul>\n\t\t\t\t\t\t\t\t<\/div>\n\t\t\t\t<\/div>\n\t\t\t\t<div class=\"elementor-element elementor-element-19d2baf elementor-widget elementor-widget-heading\" data-id=\"19d2baf\" data-element_type=\"widget\" data-e-type=\"widget\" data-widget_type=\"heading.default\">\n\t\t\t\t<div class=\"elementor-widget-container\">\n\t\t\t\t\t<h2 class=\"elementor-heading-title elementor-size-default\">\u00bfCu\u00e1l es la base legal para el tratamiento de sus datos?<\/h2>\t\t\t\t<\/div>\n\t\t\t\t<\/div>\n\t\t\t\t<div class=\"elementor-element elementor-element-58fc0bb elementor-widget-mobile__width-inherit elementor-widget elementor-widget-text-editor\" data-id=\"58fc0bb\" data-element_type=\"widget\" data-e-type=\"widget\" data-widget_type=\"text-editor.default\">\n\t\t\t\t<div class=\"elementor-widget-container\">\n\t\t\t\t\t\t\t\t\t<p>La base legal para el tratamiento de sus datos es el consentimiento del interesado seg\u00fan el art\u00edculo 6.1 a) del Reglamento, as\u00ed como el inter\u00e9s leg\u00edtimo del responsable del tratamiento seg\u00fan el art\u00edculo 6.1 f) del Reglamento.<\/p>\n\t\t\t\t\t\t\t\t<\/div>\n\t\t\t\t<\/div>\n\t\t\t\t<div class=\"elementor-element elementor-element-abda566 elementor-widget-mobile__width-inherit elementor-widget elementor-widget-text-editor\" data-id=\"abda566\" data-element_type=\"widget\" data-e-type=\"widget\" data-widget_type=\"text-editor.default\">\n\t\t\t\t<div class=\"elementor-widget-container\">\n\t\t\t\t\t\t\t\t\t<p>Los datos que le solicitamos son los adecuados, pertinentes y estrictamente necesarios y en ning\u00fan caso est\u00e1 obligado a facilit\u00e1rnoslos, pero su no comunicaci\u00f3n puede afectar a la finalidad del servicio o a la imposibilidad de prestarlo.<\/p>\n\t\t\t\t\t\t\t\t<\/div>\n\t\t\t\t<\/div>\n\t\t\t\t<div class=\"elementor-element elementor-element-87e8638 elementor-widget elementor-widget-heading\" data-id=\"87e8638\" data-element_type=\"widget\" data-e-type=\"widget\" data-widget_type=\"heading.default\">\n\t\t\t\t<div class=\"elementor-widget-container\">\n\t\t\t\t\t<h2 class=\"elementor-heading-title elementor-size-default\">\u00bfDurante cu\u00e1nto tiempo conservamos sus datos?<\/h2>\t\t\t\t<\/div>\n\t\t\t\t<\/div>\n\t\t\t\t<div class=\"elementor-element elementor-element-77ffeb5 elementor-widget-mobile__width-inherit elementor-widget elementor-widget-text-editor\" data-id=\"77ffeb5\" data-element_type=\"widget\" data-e-type=\"widget\" data-widget_type=\"text-editor.default\">\n\t\t\t\t<div class=\"elementor-widget-container\">\n\t\t\t\t\t\t\t\t\t<p>Sus datos ser\u00e1n conservados durante el tiempo necesario para la correcta prestaci\u00f3n del servicio ofrecido, as\u00ed como para atender las responsabilidades que puedan derivarse del mismo y cualquier otro requerimiento legal.<\/p>\n\t\t\t\t\t\t\t\t<\/div>\n\t\t\t\t<\/div>\n\t\t\t\t<div class=\"elementor-element elementor-element-7cd3014 elementor-widget elementor-widget-heading\" data-id=\"7cd3014\" data-element_type=\"widget\" data-e-type=\"widget\" data-widget_type=\"heading.default\">\n\t\t\t\t<div class=\"elementor-widget-container\">\n\t\t\t\t\t<h2 class=\"elementor-heading-title elementor-size-default\">\u00bfQu\u00e9 destinatarios recibir\u00e1n sus datos?<\/h2>\t\t\t\t<\/div>\n\t\t\t\t<\/div>\n\t\t\t\t<div class=\"elementor-element elementor-element-e47e8ca elementor-widget-mobile__width-inherit elementor-widget elementor-widget-text-editor\" data-id=\"e47e8ca\" data-element_type=\"widget\" data-e-type=\"widget\" data-widget_type=\"text-editor.default\">\n\t\t\t\t<div class=\"elementor-widget-container\">\n\t\t\t\t\t\t\t\t\t<p><span data-sheets-root=\"1\">En el curso del tratamiento de sus datos, Institut f\u00fcr L\u00e4ndliche Strukturforschung e.V. puede compartir sus datos con:<\/span><\/p>\n\t\t\t\t\t\t\t\t<\/div>\n\t\t\t\t<\/div>\n\t\t\t\t<div class=\"elementor-element elementor-element-3c9e284 elementor-widget-mobile__width-inherit elementor-widget elementor-widget-text-editor\" data-id=\"3c9e284\" data-element_type=\"widget\" data-e-type=\"widget\" data-widget_type=\"text-editor.default\">\n\t\t\t\t<div class=\"elementor-widget-container\">\n\t\t\t\t\t\t\t\t\t<p>On Projects Advising SL, como proveedores de servicios de gesti\u00f3n y mantenimiento de la web.<\/p>\n\t\t\t\t\t\t\t\t<\/div>\n\t\t\t\t<\/div>\n\t\t\t\t<div class=\"elementor-element elementor-element-a87f37e elementor-widget elementor-widget-heading\" data-id=\"a87f37e\" data-element_type=\"widget\" data-e-type=\"widget\" data-widget_type=\"heading.default\">\n\t\t\t\t<div class=\"elementor-widget-container\">\n\t\t\t\t\t<h2 class=\"elementor-heading-title elementor-size-default\">\u00bfCu\u00e1les son mis derechos?<\/h2>\t\t\t\t<\/div>\n\t\t\t\t<\/div>\n\t\t\t\t<div class=\"elementor-element elementor-element-149c857 elementor-widget-mobile__width-inherit elementor-widget elementor-widget-text-editor\" data-id=\"149c857\" data-element_type=\"widget\" data-e-type=\"widget\" data-widget_type=\"text-editor.default\">\n\t\t\t\t<div class=\"elementor-widget-container\">\n\t\t\t\t\t\t\t\t\t<ul>\n<li><span data-sheets-root=\"1\">Derecho de acceso: derecho a obtener confirmaci\u00f3n de si se est\u00e1n tratando datos personales, as\u00ed como el derecho de acceso a dichos datos.<\/span><\/li>\n<li><span data-sheets-root=\"1\">Derecho de rectificaci\u00f3n de los datos personales.<\/span><\/li>\n<li><span data-sheets-root=\"1\">Derecho de supresi\u00f3n<\/span><\/li>\n<li><span data-sheets-root=\"1\">Derecho a la limitaci\u00f3n del tratamiento<\/span><\/li>\n<li><span data-sheets-root=\"1\">Derecho a la portabilidad de los datos<\/span><\/li>\n<li><span data-sheets-root=\"1\">Derecho de oposici\u00f3n: derecho a oponerse al tratamiento de los datos.<\/span><\/li>\n<\/ul>\n\t\t\t\t\t\t\t\t<\/div>\n\t\t\t\t<\/div>\n\t\t\t\t<div class=\"elementor-element elementor-element-60a4a69 elementor-widget-mobile__width-inherit elementor-widget elementor-widget-text-editor\" data-id=\"60a4a69\" data-element_type=\"widget\" data-e-type=\"widget\" data-widget_type=\"text-editor.default\">\n\t\t\t\t<div class=\"elementor-widget-container\">\n\t\t\t\t\t\t\t\t\t<p>El responsable del tratamiento se conserva el derecho a restringir los derechos establecidos en el art\u00edculo 23 del Reglamento de la UE, si dicha restricci\u00f3n se establece para salvaguardar, en particular, los derechos y libertades fundamentales y es una medida necesaria y proporcionada.<\/p>\n\t\t\t\t\t\t\t\t<\/div>\n\t\t\t\t<\/div>\n\t\t\t\t<div class=\"elementor-element elementor-element-5880ad8 elementor-widget elementor-widget-heading\" data-id=\"5880ad8\" data-element_type=\"widget\" data-e-type=\"widget\" data-widget_type=\"heading.default\">\n\t\t\t\t<div class=\"elementor-widget-container\">\n\t\t\t\t\t<h2 class=\"elementor-heading-title elementor-size-default\">\u00bfD\u00f3nde puedo reclamar?<\/h2>\t\t\t\t<\/div>\n\t\t\t\t<\/div>\n\t\t\t\t<div class=\"elementor-element elementor-element-fb9e14e elementor-widget-mobile__width-inherit elementor-widget elementor-widget-text-editor\" data-id=\"fb9e14e\" data-element_type=\"widget\" data-e-type=\"widget\" data-widget_type=\"text-editor.default\">\n\t\t\t\t<div class=\"elementor-widget-container\">\n\t\t\t\t\t\t\t\t\t<p>Si alg\u00fan interesado considera que sus datos no est\u00e1n siendo tratados correctamente, puede enviar sus quejas a la siguiente direcci\u00f3n de correo electr\u00f3nico; <a href=\"mailto:office@ifls.de\">office@ifls.de<\/a>.<\/p>\n\t\t\t\t\t\t\t\t<\/div>\n\t\t\t\t<\/div>\n\t\t\t\t<div class=\"elementor-element elementor-element-cec3919 elementor-widget-mobile__width-inherit elementor-widget elementor-widget-text-editor\" data-id=\"cec3919\" data-element_type=\"widget\" data-e-type=\"widget\" data-widget_type=\"text-editor.default\">\n\t\t\t\t<div class=\"elementor-widget-container\">\n\t\t\t\t\t\t\t\t\t<p><span data-sheets-root=\"1\">El interesado declara haber adquirido toda esta informaci\u00f3n.<\/span><\/p>\n\t\t\t\t\t\t\t\t<\/div>\n\t\t\t\t<\/div>\n\t\t\t\t\t<\/div>\n\t\t\t\t<\/div>\n\t\t\t\t<\/div>\n\t\t","protected":false},"excerpt":{"rendered":"<p>Pol\u00edtica de Privacidad En InnoCSA nos tomamos muy en serio la protecci\u00f3n de sus datos personales. Nuestro prop\u00f3sito es proteger la privacidad de los datos que nos proporciona y cumplir con la normativa vigente en materia de protecci\u00f3n de datos personales. En cumplimiento de la Ley 3\/2018, de 5 de diciembre, de Protecci\u00f3n de Datos [&hellip;]<\/p>\n","protected":false},"author":1,"featured_media":0,"parent":0,"menu_order":0,"comment_status":"closed","ping_status":"closed","template":"elementor_header_footer","meta":{"footnotes":""},"class_list":["post-1304","page","type-page","status-publish","hentry"],"_links":{"self":[{"href":"https:\/\/innocsa.eu\/es\/wp-json\/wp\/v2\/pages\/1304","targetHints":{"allow":["GET"]}}],"collection":[{"href":"https:\/\/innocsa.eu\/es\/wp-json\/wp\/v2\/pages"}],"about":[{"href":"https:\/\/innocsa.eu\/es\/wp-json\/wp\/v2\/types\/page"}],"author":[{"embeddable":true,"href":"https:\/\/innocsa.eu\/es\/wp-json\/wp\/v2\/users\/1"}],"replies":[{"embeddable":true,"href":"https:\/\/innocsa.eu\/es\/wp-json\/wp\/v2\/comments?post=1304"}],"version-history":[{"count":1,"href":"https:\/\/innocsa.eu\/es\/wp-json\/wp\/v2\/pages\/1304\/revisions"}],"predecessor-version":[{"id":1305,"href":"https:\/\/innocsa.eu\/es\/wp-json\/wp\/v2\/pages\/1304\/revisions\/1305"}],"wp:attachment":[{"href":"https:\/\/innocsa.eu\/es\/wp-json\/wp\/v2\/media?parent=1304"}],"curies":[{"name":"wp","href":"https:\/\/api.w.org\/{rel}","templated":true}]}}