{"id":1308,"date":"2024-11-11T09:58:21","date_gmt":"2024-11-11T09:58:21","guid":{"rendered":"https:\/\/innocsa.eu\/datenschutz"},"modified":"2024-11-12T09:59:49","modified_gmt":"2024-11-12T09:59:49","slug":"datenschutz","status":"publish","type":"page","link":"https:\/\/innocsa.eu\/de\/datenschutz","title":{"rendered":"Datenschutz"},"content":{"rendered":"\t\t<div data-elementor-type=\"wp-page\" data-elementor-id=\"1308\" class=\"elementor elementor-1308 elementor-1247\" data-elementor-post-type=\"page\">\n\t\t\t\t<div class=\"elementor-element elementor-element-3c1bbf6 e-con-full e-flex e-con e-parent\" data-id=\"3c1bbf6\" data-element_type=\"container\" data-e-type=\"container\" data-settings=\"{&quot;background_background&quot;:&quot;classic&quot;}\">\n\t\t<div class=\"elementor-element elementor-element-4f06a6c e-con-full e-flex e-con e-child\" data-id=\"4f06a6c\" data-element_type=\"container\" data-e-type=\"container\">\n\t\t\t\t<div class=\"elementor-element elementor-element-e408c9e elementor-widget elementor-widget-spacer\" data-id=\"e408c9e\" data-element_type=\"widget\" data-e-type=\"widget\" data-widget_type=\"spacer.default\">\n\t\t\t\t<div class=\"elementor-widget-container\">\n\t\t\t\t\t\t\t<div class=\"elementor-spacer\">\n\t\t\t<div class=\"elementor-spacer-inner\"><\/div>\n\t\t<\/div>\n\t\t\t\t\t\t<\/div>\n\t\t\t\t<\/div>\n\t\t\t\t<div class=\"elementor-element elementor-element-bb6405d elementor-widget elementor-widget-heading\" data-id=\"bb6405d\" data-element_type=\"widget\" data-e-type=\"widget\" data-widget_type=\"heading.default\">\n\t\t\t\t<div class=\"elementor-widget-container\">\n\t\t\t\t\t<h3 class=\"elementor-heading-title elementor-size-default\">Datenschutz<\/h3>\t\t\t\t<\/div>\n\t\t\t\t<\/div>\n\t\t\t\t<div class=\"elementor-element elementor-element-4325e9e elementor-widget elementor-widget-menu-anchor\" data-id=\"4325e9e\" data-element_type=\"widget\" data-e-type=\"widget\" data-widget_type=\"menu-anchor.default\">\n\t\t\t\t<div class=\"elementor-widget-container\">\n\t\t\t\t\t\t\t<div class=\"elementor-menu-anchor\" id=\"about\"><\/div>\n\t\t\t\t\t\t<\/div>\n\t\t\t\t<\/div>\n\t\t\t\t<\/div>\n\t\t<div class=\"elementor-element elementor-element-21a59b0 e-con-full e-flex e-con e-child\" data-id=\"21a59b0\" data-element_type=\"container\" data-e-type=\"container\" data-settings=\"{&quot;background_background&quot;:&quot;classic&quot;}\">\n\t\t\t\t<div class=\"elementor-element elementor-element-8cbbc8b elementor-widget elementor-widget-spacer\" data-id=\"8cbbc8b\" data-element_type=\"widget\" data-e-type=\"widget\" data-widget_type=\"spacer.default\">\n\t\t\t\t<div class=\"elementor-widget-container\">\n\t\t\t\t\t\t\t<div class=\"elementor-spacer\">\n\t\t\t<div class=\"elementor-spacer-inner\"><\/div>\n\t\t<\/div>\n\t\t\t\t\t\t<\/div>\n\t\t\t\t<\/div>\n\t\t\t\t<\/div>\n\t\t\t\t<\/div>\n\t\t<div class=\"elementor-element elementor-element-ffa22b2 e-flex e-con-boxed e-con e-parent\" data-id=\"ffa22b2\" data-element_type=\"container\" data-e-type=\"container\">\n\t\t\t\t\t<div class=\"e-con-inner\">\n\t\t\t\t<div class=\"elementor-element elementor-element-f9c6bc6 elementor-widget-mobile__width-inherit elementor-widget elementor-widget-text-editor\" data-id=\"f9c6bc6\" data-element_type=\"widget\" data-e-type=\"widget\" data-widget_type=\"text-editor.default\">\n\t\t\t\t<div class=\"elementor-widget-container\">\n\t\t\t\t\t\t\t\t\t<p>Bei <strong>InnoCSA<\/strong> nehmen wir den Schutz Ihrer pers\u00f6nlichen Daten sehr ernst. Unser Ziel ist es, die Privatsph\u00e4re der Daten, die Sie uns zur Verf\u00fcgung stellen, zu sch\u00fctzen und die geltenden Vorschriften zum Schutz personenbezogener Daten einzuhalten. <\/p>\n\t\t\t\t\t\t\t\t<\/div>\n\t\t\t\t<\/div>\n\t\t\t\t<div class=\"elementor-element elementor-element-df30510 elementor-widget-mobile__width-inherit elementor-widget elementor-widget-text-editor\" data-id=\"df30510\" data-element_type=\"widget\" data-e-type=\"widget\" data-widget_type=\"text-editor.default\">\n\t\t\t\t<div class=\"elementor-widget-container\">\n\t\t\t\t\t\t\t\t\t<p>In \u00dcbereinstimmung mit dem Gesetz 3\/2018 vom 5. Dezember \u00fcber den Schutz personenbezogener Daten und die Gew\u00e4hrleistung digitaler Rechte, mit dem die Verordnung (EU) 2016\/679 umgesetzt wird, informieren wir Sie mit den folgenden Informationen \u00fcber unsere Datenschutzpolitik:<\/p>\n\t\t\t\t\t\t\t\t<\/div>\n\t\t\t\t<\/div>\n\t\t\t\t<div class=\"elementor-element elementor-element-51fcbcc elementor-widget elementor-widget-heading\" data-id=\"51fcbcc\" data-element_type=\"widget\" data-e-type=\"widget\" data-widget_type=\"heading.default\">\n\t\t\t\t<div class=\"elementor-widget-container\">\n\t\t\t\t\t<h2 class=\"elementor-heading-title elementor-size-default\">Wer ist der Verantwortliche f\u00fcr die Verarbeitung Ihrer Daten?<\/h2>\t\t\t\t<\/div>\n\t\t\t\t<\/div>\n\t\t\t\t<div class=\"elementor-element elementor-element-cf70130 elementor-widget-mobile__width-inherit elementor-widget elementor-widget-text-editor\" data-id=\"cf70130\" data-element_type=\"widget\" data-e-type=\"widget\" data-widget_type=\"text-editor.default\">\n\t\t\t\t<div class=\"elementor-widget-container\">\n\t\t\t\t\t\t\t\t\t<p>Die f\u00fcr Ihre Daten verantwortliche Organisation ist Institut f\u00fcr L\u00e4ndliche Strukturforschung e.V. Dies ist ein gemeinn\u00fctziger Verein mit Sitz in Frankfurt, Deutschland.<\/p>\n\t\t\t\t\t\t\t\t<\/div>\n\t\t\t\t<\/div>\n\t\t\t\t<div class=\"elementor-element elementor-element-f3dc370 tabla eael-table-align-center eael-dt-th-align-left elementor-widget elementor-widget-eael-data-table\" data-id=\"f3dc370\" data-element_type=\"widget\" data-e-type=\"widget\" data-widget_type=\"eael-data-table.default\">\n\t\t\t\t<div class=\"elementor-widget-container\">\n\t\t\t\t\t\t\t<div class=\"eael-data-table-wrap\" data-table_id=\"f3dc370\" id=\"eael-data-table-wrapper-f3dc370\" data-custom_responsive=\"false\">\n\t\t\t<table class=\"tablesorter eael-data-table center\" id=\"eael-data-table-f3dc370\">\n\t\t\t    <thead>\n\t\t\t        <tr class=\"table-header\">\n\t\t\t\t\t\t\t\t\t            <th class=\"\" id=\"primero\" colspan=\"\">\n\t\t\t\t\t\t\t\t\t\t\t\t\t\t<span class=\"data-table-header-text\">Anschrift<\/span><\/th>\n\t\t\t        \t\t\t\t            <th class=\"\" id=\"\" colspan=\"\">\n\t\t\t\t\t\t\t\t\t\t\t\t\t\t<span class=\"data-table-header-text\">Kurfuerstenstra\u00dfe 49, 60486 Frankfurt am Main, Deutschland<\/span><\/th>\n\t\t\t        \t\t\t\t        <\/tr>\n\t\t\t    <\/thead>\n\t\t\t  \t<tbody>\n\t\t\t\t\t\t\t\t\t\t\t<tr>\n\t\t\t\t\t\t\t\t\t\t\t\t\t\t\t\t   \t\t\t\t\t\t\t\t\t\t\t<td colspan=\"\" rowspan=\"\" class=\"\" id=\"\">\n\t\t\t\t\t\t\t\t\t\t\t\t<div class=\"td-content-wrapper\"><div class=\"td-content\">\n\t\t\t\t\t\t\t\t\t\t\t\t\tTelefon\t\t\t\t\t\t\t\t\t\t\t\t<\/div><\/div>\n\t\t\t\t\t\t\t\t\t\t\t<\/td>\n\t\t\t\t\t\t\t\t\t\t\t\t\t\t\t\t\t\t\t\t\t\t\t\t\t\t\t\t\t   \t\t\t\t\t\t\t\t\t\t\t<td colspan=\"\" rowspan=\"\" class=\"\" id=\"\">\n\t\t\t\t\t\t\t\t\t\t\t\t<div class=\"td-content-wrapper\"><div class=\"td-content\">\n\t\t\t\t\t\t\t\t\t\t\t\t\t+49 (0)69 \/ 9726 683-10\t\t\t\t\t\t\t\t\t\t\t\t<\/div><\/div>\n\t\t\t\t\t\t\t\t\t\t\t<\/td>\n\t\t\t\t\t\t\t\t\t\t\t\t\t\t\t\t\t\t\t\t\t\t\t\t\t\t<\/tr>\n\t\t\t        \t\t\t\t\t\t<tr>\n\t\t\t\t\t\t\t\t\t\t\t\t\t\t\t\t   \t\t\t\t\t\t\t\t\t\t\t<td colspan=\"\" rowspan=\"\" class=\"\" id=\"\">\n\t\t\t\t\t\t\t\t\t\t\t\t<div class=\"td-content-wrapper\"><div class=\"td-content\">\n\t\t\t\t\t\t\t\t\t\t\t\t\tE-Mail-Kontakt\n\t\t\t\t\t\t\t\t\t\t\t\t<\/div><\/div>\n\t\t\t\t\t\t\t\t\t\t\t<\/td>\n\t\t\t\t\t\t\t\t\t\t\t\t\t\t\t\t\t\t\t\t\t\t\t\t\t\t\t\t\t   \t\t\t\t\t\t\t\t\t\t\t<td colspan=\"\" rowspan=\"\" class=\"\" id=\"\">\n\t\t\t\t\t\t\t\t\t\t\t\t<div class=\"td-content-wrapper\"><div class=\"td-content\">\n\t\t\t\t\t\t\t\t\t\t\t\t\toffice@ifls.de\t\t\t\t\t\t\t\t\t\t\t\t<\/div><\/div>\n\t\t\t\t\t\t\t\t\t\t\t<\/td>\n\t\t\t\t\t\t\t\t\t\t\t\t\t\t\t\t\t\t\t\t\t\t\t\t\t\t<\/tr>\n\t\t\t        \t\t\t    <\/tbody>\n\t\t\t<\/table>\n\t\t<\/div>\n\t  \t\t\t\t\t<\/div>\n\t\t\t\t<\/div>\n\t\t\t\t<div class=\"elementor-element elementor-element-621dbc7 elementor-widget elementor-widget-heading\" data-id=\"621dbc7\" data-element_type=\"widget\" data-e-type=\"widget\" data-widget_type=\"heading.default\">\n\t\t\t\t<div class=\"elementor-widget-container\">\n\t\t\t\t\t<h2 class=\"elementor-heading-title elementor-size-default\">Was ist der Zweck der Verarbeitung?<\/h2>\t\t\t\t<\/div>\n\t\t\t\t<\/div>\n\t\t\t\t<div class=\"elementor-element elementor-element-f90ef86 elementor-widget-mobile__width-inherit elementor-widget elementor-widget-text-editor\" data-id=\"f90ef86\" data-element_type=\"widget\" data-e-type=\"widget\" data-widget_type=\"text-editor.default\">\n\t\t\t\t<div class=\"elementor-widget-container\">\n\t\t\t\t\t\t\t\t\t<ul>\n<li><span data-sheets-root=\"1\">Um auf Anfragen, Beschwerden und Vorf\u00e4lle zu reagieren, die \u00fcber unsere in die Website integrierten Kontaktkan\u00e4le \u00fcbermittelt werden.<\/span><\/li>\n<li><span data-sheets-root=\"1\">Um das Verhalten des Nutzers innerhalb der Website zu verstehen, um m\u00f6gliche Computerangriffe auf unsere Website zu erkennen.<\/span><\/li>\n<li><span data-sheets-root=\"1\">Erf\u00fcllung der gesetzlichen Verpflichtungen, die unmittelbar auf uns anwendbar sind und unsere T\u00e4tigkeit regeln.<\/span><\/li>\n<li><span data-sheets-root=\"1\">Um unsere Rechte zu sch\u00fctzen und auszu\u00fcben oder um auf Beschwerden jeglicher Art zu reagieren.<\/span><\/li>\n<li><span data-sheets-root=\"1\">\u00dcbermittlung von Newslettern \u00fcber die Waren oder Dienstleistungen, die die T\u00e4tigkeit des Verantwortlichen ausmachen, oder von Nachrichten im Zusammenhang mit seiner T\u00e4tigkeit.<\/span><\/li>\n<\/ul>\n\t\t\t\t\t\t\t\t<\/div>\n\t\t\t\t<\/div>\n\t\t\t\t<div class=\"elementor-element elementor-element-19d2baf elementor-widget elementor-widget-heading\" data-id=\"19d2baf\" data-element_type=\"widget\" data-e-type=\"widget\" data-widget_type=\"heading.default\">\n\t\t\t\t<div class=\"elementor-widget-container\">\n\t\t\t\t\t<h2 class=\"elementor-heading-title elementor-size-default\">Was ist die Rechtsgrundlage f\u00fcr die Verarbeitung Ihrer Daten?<\/h2>\t\t\t\t<\/div>\n\t\t\t\t<\/div>\n\t\t\t\t<div class=\"elementor-element elementor-element-58fc0bb elementor-widget-mobile__width-inherit elementor-widget elementor-widget-text-editor\" data-id=\"58fc0bb\" data-element_type=\"widget\" data-e-type=\"widget\" data-widget_type=\"text-editor.default\">\n\t\t\t\t<div class=\"elementor-widget-container\">\n\t\t\t\t\t\t\t\t\t<p>Die Rechtsgrundlage f\u00fcr die Verarbeitung Ihrer Daten ist die Einwilligung der betroffenen Person gem\u00e4\u00df Artikel 6 Absatz 1 Buchstabe a der Verordnung sowie das berechtigte Interesse des f\u00fcr die Verarbeitung Verantwortlichen gem\u00e4\u00df Artikel 6 Absatz 1 Buchstabe f der Verordnung.<\/p>\n\t\t\t\t\t\t\t\t<\/div>\n\t\t\t\t<\/div>\n\t\t\t\t<div class=\"elementor-element elementor-element-abda566 elementor-widget-mobile__width-inherit elementor-widget elementor-widget-text-editor\" data-id=\"abda566\" data-element_type=\"widget\" data-e-type=\"widget\" data-widget_type=\"text-editor.default\">\n\t\t\t\t<div class=\"elementor-widget-container\">\n\t\t\t\t\t\t\t\t\t<p>Die Daten, um die wir Sie bitten, sind angemessen, relevant und unbedingt erforderlich, und Sie sind in keinem Fall verpflichtet, sie uns zu \u00fcbermitteln, aber ihre Nichtmitteilung kann den Zweck der Dienstleistung beeintr\u00e4chtigen oder ihre Erbringung unm\u00f6glich machen.<\/p>\n\t\t\t\t\t\t\t\t<\/div>\n\t\t\t\t<\/div>\n\t\t\t\t<div class=\"elementor-element elementor-element-87e8638 elementor-widget elementor-widget-heading\" data-id=\"87e8638\" data-element_type=\"widget\" data-e-type=\"widget\" data-widget_type=\"heading.default\">\n\t\t\t\t<div class=\"elementor-widget-container\">\n\t\t\t\t\t<h2 class=\"elementor-heading-title elementor-size-default\">Wie lange bewahren wir Ihre Daten auf?<\/h2>\t\t\t\t<\/div>\n\t\t\t\t<\/div>\n\t\t\t\t<div class=\"elementor-element elementor-element-77ffeb5 elementor-widget-mobile__width-inherit elementor-widget elementor-widget-text-editor\" data-id=\"77ffeb5\" data-element_type=\"widget\" data-e-type=\"widget\" data-widget_type=\"text-editor.default\">\n\t\t\t\t<div class=\"elementor-widget-container\">\n\t\t\t\t\t\t\t\t\t<p>Ihre Daten werden so lange aufbewahrt, wie es f\u00fcr die ordnungsgem\u00e4\u00dfe Erbringung der angebotenen Dienstleistung erforderlich ist, sowie zur Erf\u00fcllung der sich daraus ergebenden Verpflichtungen und sonstiger rechtlicher Anforderungen.<\/p>\n\t\t\t\t\t\t\t\t<\/div>\n\t\t\t\t<\/div>\n\t\t\t\t<div class=\"elementor-element elementor-element-7cd3014 elementor-widget elementor-widget-heading\" data-id=\"7cd3014\" data-element_type=\"widget\" data-e-type=\"widget\" data-widget_type=\"heading.default\">\n\t\t\t\t<div class=\"elementor-widget-container\">\n\t\t\t\t\t<h2 class=\"elementor-heading-title elementor-size-default\">Welche Empf\u00e4nger werden Ihre Daten erhalten?<\/h2>\t\t\t\t<\/div>\n\t\t\t\t<\/div>\n\t\t\t\t<div class=\"elementor-element elementor-element-e47e8ca elementor-widget-mobile__width-inherit elementor-widget elementor-widget-text-editor\" data-id=\"e47e8ca\" data-element_type=\"widget\" data-e-type=\"widget\" data-widget_type=\"text-editor.default\">\n\t\t\t\t<div class=\"elementor-widget-container\">\n\t\t\t\t\t\t\t\t\t<p><span data-sheets-root=\"1\">Bei der Verarbeitung Ihrer Daten kann Institut f\u00fcr L\u00e4ndliche Strukturforschung e.V. Ihre Daten weitergeben an:<\/span><\/p>\n\t\t\t\t\t\t\t\t<\/div>\n\t\t\t\t<\/div>\n\t\t\t\t<div class=\"elementor-element elementor-element-3c9e284 elementor-widget-mobile__width-inherit elementor-widget elementor-widget-text-editor\" data-id=\"3c9e284\" data-element_type=\"widget\" data-e-type=\"widget\" data-widget_type=\"text-editor.default\">\n\t\t\t\t<div class=\"elementor-widget-container\">\n\t\t\t\t\t\t\t\t\t<p>On Projects Advising SL, als Dienstleister f\u00fcr Webmanagement und -pflege.<\/p>\n\t\t\t\t\t\t\t\t<\/div>\n\t\t\t\t<\/div>\n\t\t\t\t<div class=\"elementor-element elementor-element-a87f37e elementor-widget elementor-widget-heading\" data-id=\"a87f37e\" data-element_type=\"widget\" data-e-type=\"widget\" data-widget_type=\"heading.default\">\n\t\t\t\t<div class=\"elementor-widget-container\">\n\t\t\t\t\t<h2 class=\"elementor-heading-title elementor-size-default\">Welche Rechte habe ich?<\/h2>\t\t\t\t<\/div>\n\t\t\t\t<\/div>\n\t\t\t\t<div class=\"elementor-element elementor-element-149c857 elementor-widget-mobile__width-inherit elementor-widget elementor-widget-text-editor\" data-id=\"149c857\" data-element_type=\"widget\" data-e-type=\"widget\" data-widget_type=\"text-editor.default\">\n\t\t\t\t<div class=\"elementor-widget-container\">\n\t\t\t\t\t\t\t\t\t<ul>\n<li><span data-sheets-root=\"1\">Auskunftsrecht: Recht, eine Best\u00e4tigung dar\u00fcber zu erhalten, ob personenbezogene Daten verarbeitet werden, sowie das Recht auf Zugang zu diesen Daten.<\/span><\/li>\n<li><span data-sheets-root=\"1\">Recht auf Berichtigung personenbezogener Daten.<\/span><\/li>\n<li><span data-sheets-root=\"1\">Recht auf L\u00f6schung<\/span><\/li>\n<li><span data-sheets-root=\"1\">Recht auf Einschr\u00e4nkung der Verarbeitung<\/span><\/li>\n<li><span data-sheets-root=\"1\">Recht auf Daten\u00fcbertragbarkeit<\/span><\/li>\n<li><span data-sheets-root=\"1\">Widerspruchsrecht: Das Recht, der Verarbeitung von Daten zu widersprechen.<\/span><\/li>\n<\/ul>\n\t\t\t\t\t\t\t\t<\/div>\n\t\t\t\t<\/div>\n\t\t\t\t<div class=\"elementor-element elementor-element-60a4a69 elementor-widget-mobile__width-inherit elementor-widget elementor-widget-text-editor\" data-id=\"60a4a69\" data-element_type=\"widget\" data-e-type=\"widget\" data-widget_type=\"text-editor.default\">\n\t\t\t\t<div class=\"elementor-widget-container\">\n\t\t\t\t\t\t\t\t\t<p>Der f\u00fcr die Verarbeitung Verantwortliche beh\u00e4lt sich das Recht vor, die in Artikel 23 der EU-Verordnung genannten Rechte einzuschr\u00e4nken, wenn eine solche Einschr\u00e4nkung vorgesehen ist, um insbesondere die Grundrechte und Grundfreiheiten zu sch\u00fctzen, und eine notwendige und verh\u00e4ltnism\u00e4\u00dfige Ma\u00dfnahme darstellt.<\/p>\n\t\t\t\t\t\t\t\t<\/div>\n\t\t\t\t<\/div>\n\t\t\t\t<div class=\"elementor-element elementor-element-5880ad8 elementor-widget elementor-widget-heading\" data-id=\"5880ad8\" data-element_type=\"widget\" data-e-type=\"widget\" data-widget_type=\"heading.default\">\n\t\t\t\t<div class=\"elementor-widget-container\">\n\t\t\t\t\t<h2 class=\"elementor-heading-title elementor-size-default\">Wo kann ich eine Beschwerde einreichen?<\/h2>\t\t\t\t<\/div>\n\t\t\t\t<\/div>\n\t\t\t\t<div class=\"elementor-element elementor-element-fb9e14e elementor-widget-mobile__width-inherit elementor-widget elementor-widget-text-editor\" data-id=\"fb9e14e\" data-element_type=\"widget\" data-e-type=\"widget\" data-widget_type=\"text-editor.default\">\n\t\t\t\t<div class=\"elementor-widget-container\">\n\t\t\t\t\t\t\t\t\t<p>Wenn ein Betroffener der Meinung ist, dass seine Daten nicht korrekt behandelt werden, kann er seine Beschwerden an die folgende E-Mail-Adresse richten:<a href=\"mailto:office@ifls.de\">office@ifls.de<\/a>.<\/p>\n\t\t\t\t\t\t\t\t<\/div>\n\t\t\t\t<\/div>\n\t\t\t\t<div class=\"elementor-element elementor-element-cec3919 elementor-widget-mobile__width-inherit elementor-widget elementor-widget-text-editor\" data-id=\"cec3919\" data-element_type=\"widget\" data-e-type=\"widget\" data-widget_type=\"text-editor.default\">\n\t\t\t\t<div class=\"elementor-widget-container\">\n\t\t\t\t\t\t\t\t\t<p><span data-sheets-root=\"1\">Die betroffene Person erkl\u00e4rt, dass sie alle diese Informationen erhalten hat.<\/span><\/p>\n\t\t\t\t\t\t\t\t<\/div>\n\t\t\t\t<\/div>\n\t\t\t\t\t<\/div>\n\t\t\t\t<\/div>\n\t\t\t\t<\/div>\n\t\t","protected":false},"excerpt":{"rendered":"<p>Datenschutz Bei InnoCSA nehmen wir den Schutz Ihrer pers\u00f6nlichen Daten sehr ernst. Unser Ziel ist es, die Privatsph\u00e4re der Daten, die Sie uns zur Verf\u00fcgung stellen, zu sch\u00fctzen und die geltenden Vorschriften zum Schutz personenbezogener Daten einzuhalten. In \u00dcbereinstimmung mit dem Gesetz 3\/2018 vom 5. Dezember \u00fcber den Schutz personenbezogener Daten und die Gew\u00e4hrleistung digitaler [&hellip;]<\/p>\n","protected":false},"author":1,"featured_media":0,"parent":0,"menu_order":0,"comment_status":"closed","ping_status":"closed","template":"elementor_header_footer","meta":{"footnotes":""},"class_list":["post-1308","page","type-page","status-publish","hentry"],"_links":{"self":[{"href":"https:\/\/innocsa.eu\/de\/wp-json\/wp\/v2\/pages\/1308","targetHints":{"allow":["GET"]}}],"collection":[{"href":"https:\/\/innocsa.eu\/de\/wp-json\/wp\/v2\/pages"}],"about":[{"href":"https:\/\/innocsa.eu\/de\/wp-json\/wp\/v2\/types\/page"}],"author":[{"embeddable":true,"href":"https:\/\/innocsa.eu\/de\/wp-json\/wp\/v2\/users\/1"}],"replies":[{"embeddable":true,"href":"https:\/\/innocsa.eu\/de\/wp-json\/wp\/v2\/comments?post=1308"}],"version-history":[{"count":1,"href":"https:\/\/innocsa.eu\/de\/wp-json\/wp\/v2\/pages\/1308\/revisions"}],"predecessor-version":[{"id":1309,"href":"https:\/\/innocsa.eu\/de\/wp-json\/wp\/v2\/pages\/1308\/revisions\/1309"}],"wp:attachment":[{"href":"https:\/\/innocsa.eu\/de\/wp-json\/wp\/v2\/media?parent=1308"}],"curies":[{"name":"wp","href":"https:\/\/api.w.org\/{rel}","templated":true}]}}